{"id":56,"date":"2020-03-29T16:36:32","date_gmt":"2020-03-29T14:36:32","guid":{"rendered":"http:\/\/mairie-la-framboisiere.fr\/?page_id=56"},"modified":"2020-04-10T18:00:59","modified_gmt":"2020-04-10T16:00:59","slug":"actualites","status":"publish","type":"page","link":"http:\/\/mairie-la-framboisiere.fr\/index.php\/actualites\/","title":{"rendered":"Actualit\u00e9s"},"content":{"rendered":"<ul class=\"wp-block-latest-posts wp-block-latest-posts__list has-dates\"><li><a href=\"http:\/\/mairie-la-framboisiere.fr\/index.php\/2026\/01\/13\/affiche-theatre\/\">AFFICHE THEATRE<\/a><time datetime=\"2026-01-13T18:24:20+01:00\" class=\"wp-block-latest-posts__post-date\">13\/01\/2026<\/time><div class=\"wp-block-latest-posts__post-excerpt\"><\/div><\/li>\n<li><a href=\"http:\/\/mairie-la-framboisiere.fr\/index.php\/2025\/12\/19\/conseil-municipal-du-25-novembre-2025\/\">CONSEIL MUNICIPAL DU 25 NOVEMBRE 2025<\/a><time datetime=\"2025-12-19T18:13:58+01:00\" class=\"wp-block-latest-posts__post-date\">19\/12\/2025<\/time><div class=\"wp-block-latest-posts__post-excerpt\"><\/div><\/li>\n<li><a href=\"http:\/\/mairie-la-framboisiere.fr\/index.php\/2025\/12\/19\/conseil-municipal-du-14-octobre-2025\/\">CONSEIL MUNICIPAL DU 14 OCTOBRE 2025<\/a><time datetime=\"2025-12-19T18:13:15+01:00\" class=\"wp-block-latest-posts__post-date\">19\/12\/2025<\/time><div class=\"wp-block-latest-posts__post-excerpt\"><\/div><\/li>\n<li><a href=\"http:\/\/mairie-la-framboisiere.fr\/index.php\/2025\/12\/19\/conseil-municipal-du-10-juin-2025\/\">CONSEIL MUNICIPAL DU 10 JUIN      2025<\/a><time datetime=\"2025-12-19T18:12:18+01:00\" class=\"wp-block-latest-posts__post-date\">19\/12\/2025<\/time><div class=\"wp-block-latest-posts__post-excerpt\"><\/div><\/li>\n<li><a href=\"http:\/\/mairie-la-framboisiere.fr\/index.php\/2025\/12\/19\/conges-de-fin-dannee\/\">CONGES DE FIN D&rsquo;ANNEE<\/a><time datetime=\"2025-12-19T18:04:44+01:00\" class=\"wp-block-latest-posts__post-date\">19\/12\/2025<\/time><div class=\"wp-block-latest-posts__post-excerpt\">La Mairie sera ferm\u00e9e du LUNDI 22 DECEMBRE 2025 AU VENDREDI 2 JANVIER 2026 INCLUS REOUVERTURE LE MARDI 6 JANVIER 2026 A 14 H 00<\/div><\/li>\n<li><a href=\"http:\/\/mairie-la-framboisiere.fr\/index.php\/2025\/06\/30\/periode-canicule\/\">PERIODE CANICULE<\/a><time datetime=\"2025-06-30T11:50:03+02:00\" class=\"wp-block-latest-posts__post-date\">30\/06\/2025<\/time><div class=\"wp-block-latest-posts__post-excerpt\">En raison d&rsquo;une forte chaleur pr\u00e9vue demain, exceptionnellement la Mairie sera ouverte au public de 16 Heures \u00e0 19 Heures. Merci de votre compr\u00e9hension.<\/div><\/li>\n<li><a href=\"http:\/\/mairie-la-framboisiere.fr\/index.php\/2025\/04\/08\/fermeture-mairie-6\/\">FERMETURE MAIRIE<\/a><time datetime=\"2025-04-08T18:46:45+02:00\" class=\"wp-block-latest-posts__post-date\">08\/04\/2025<\/time><div class=\"wp-block-latest-posts__post-excerpt\">La Mairie sera ferm\u00e9e du LUNDI 14 AVRIL 2025 AU LUNDI 21 AVRIL 2025 INCLUS REOUVERTURE LE MARDI 22 AVRIL A 13 H 30<\/div><\/li>\n<li><a href=\"http:\/\/mairie-la-framboisiere.fr\/index.php\/2025\/04\/08\/compte-rendu-cm-du-25-mars-2025\/\">COMPTE-RENDU CM DU 25 MARS 2025<\/a><time datetime=\"2025-04-08T16:33:24+02:00\" class=\"wp-block-latest-posts__post-date\">08\/04\/2025<\/time><div class=\"wp-block-latest-posts__post-excerpt\"><\/div><\/li>\n<li><a href=\"http:\/\/mairie-la-framboisiere.fr\/index.php\/2025\/04\/08\/attentioncoupure-deau\/\">ATTENTION,COUPURE D&rsquo;EAU!<\/a><time datetime=\"2025-04-08T16:29:42+02:00\" class=\"wp-block-latest-posts__post-date\">08\/04\/2025<\/time><div class=\"wp-block-latest-posts__post-excerpt\">Dans le cadre d&rsquo;une r\u00e9paration de fuite, la distribution d&rsquo;eau sera interrompue le MERCREDI 9 AVRIL 2025 de 10H \u00e0 15 H. Message re\u00e7u de V\u00e9olia le Mardi 08\/04\/2025<\/div><\/li>\n<li><a href=\"http:\/\/mairie-la-framboisiere.fr\/index.php\/2025\/03\/03\/maison-france-services\/\">MAISON FRANCE SERVICES<\/a><time datetime=\"2025-03-03T10:37:32+01:00\" class=\"wp-block-latest-posts__post-date\">03\/03\/2025<\/time><div class=\"wp-block-latest-posts__post-excerpt\"><\/div><\/li>\n<li><a href=\"http:\/\/mairie-la-framboisiere.fr\/index.php\/2025\/02\/07\/fermeture-mairie-conges-fevrier-2025\/\">FERMETURE MAIRIE CONGES FEVRIER 2025<\/a><time datetime=\"2025-02-07T18:29:38+01:00\" class=\"wp-block-latest-posts__post-date\">07\/02\/2025<\/time><div class=\"wp-block-latest-posts__post-excerpt\"><\/div><\/li>\n<li><a href=\"http:\/\/mairie-la-framboisiere.fr\/index.php\/2025\/02\/04\/engagement-citoyen\/\">Engagement citoyen<\/a><time datetime=\"2025-02-04T17:13:56+01:00\" class=\"wp-block-latest-posts__post-date\">04\/02\/2025<\/time><div class=\"wp-block-latest-posts__post-excerpt\">https:\/\/app.panneaupocket.com\/embeded\/1399516087?mode=widget&amp;autoNavigation=0<\/div><\/li>\n<li><a href=\"http:\/\/mairie-la-framboisiere.fr\/index.php\/2024\/12\/31\/dechetterie-2025\/\">DECHETTERIE 2025<\/a><time datetime=\"2024-12-31T11:19:06+01:00\" class=\"wp-block-latest-posts__post-date\">31\/12\/2024<\/time><div class=\"wp-block-latest-posts__post-excerpt\"><\/div><\/li>\n<li><a href=\"http:\/\/mairie-la-framboisiere.fr\/index.php\/2024\/12\/17\/fermeture-mairie-5\/\">FERMETURE MAIRIE<\/a><time datetime=\"2024-12-17T18:16:57+01:00\" class=\"wp-block-latest-posts__post-date\">17\/12\/2024<\/time><div class=\"wp-block-latest-posts__post-excerpt\">LA MAIRIE SERA FERMEE DU VENDREDI 20 DECEMBRE AU SOIR AU MARDI 6 JANVIER A 13 H 30. BONNES FETES DE FIN D&rsquo;ANNEE.<\/div><\/li>\n<li><a href=\"http:\/\/mairie-la-framboisiere.fr\/index.php\/2024\/12\/10\/compte-rendu-cm-22-octobre-2024\/\">COMPTE-RENDU CM 22 OCTOBRE 2024<\/a><time datetime=\"2024-12-10T17:18:27+01:00\" class=\"wp-block-latest-posts__post-date\">10\/12\/2024<\/time><div class=\"wp-block-latest-posts__post-excerpt\"><\/div><\/li>\n<li><a href=\"http:\/\/mairie-la-framboisiere.fr\/index.php\/2024\/10\/18\/fermeture-de-la-mairie-2\/\">FERMETURE DE LA MAIRIE<\/a><time datetime=\"2024-10-18T17:26:57+02:00\" class=\"wp-block-latest-posts__post-date\">18\/10\/2024<\/time><div class=\"wp-block-latest-posts__post-excerpt\">DU VENDREDI 25 OCTOBRE 2024 INCLUS JUSQU&rsquo;AU VENDREDI 1ER NOVEMBRE 2024 INCLUS.<\/div><\/li>\n<li><a href=\"http:\/\/mairie-la-framboisiere.fr\/index.php\/2024\/10\/04\/erratum-derniers-compte-rendus\/\">ERRATUM DERNIERS COMPTE-RENDUS<\/a><time datetime=\"2024-10-04T18:50:19+02:00\" class=\"wp-block-latest-posts__post-date\">04\/10\/2024<\/time><div class=\"wp-block-latest-posts__post-excerpt\">Vous trouverez ci-joint les derniers compte-rendus corrig\u00e9s apr\u00e8s une erreur sur les bar\u00e8me du coefficient familial pour la cantine scolaire.<\/div><\/li>\n<li><a href=\"http:\/\/mairie-la-framboisiere.fr\/index.php\/2024\/09\/30\/compte-rendu-cm-du-27-aout-2024\/\">COMPTE-RENDU CM DU 27 AOUT 2024<\/a><time datetime=\"2024-09-30T11:11:01+02:00\" class=\"wp-block-latest-posts__post-date\">30\/09\/2024<\/time><div class=\"wp-block-latest-posts__post-excerpt\"><\/div><\/li>\n<li><a href=\"http:\/\/mairie-la-framboisiere.fr\/index.php\/2024\/09\/30\/compte-rendu-cm-du-28-mai-2024\/\">COMPTE-RENDU CM DU 28 MAI 2024<\/a><time datetime=\"2024-09-30T11:09:28+02:00\" class=\"wp-block-latest-posts__post-date\">30\/09\/2024<\/time><div class=\"wp-block-latest-posts__post-excerpt\"><\/div><\/li>\n<li><a href=\"http:\/\/mairie-la-framboisiere.fr\/index.php\/2024\/07\/16\/fermeture-mairie-conges-ete\/\">FERMETURE MAIRIE CONGES ETE<\/a><time datetime=\"2024-07-16T18:06:15+02:00\" class=\"wp-block-latest-posts__post-date\">16\/07\/2024<\/time><div class=\"wp-block-latest-posts__post-excerpt\"><\/div><\/li>\n<li><a href=\"http:\/\/mairie-la-framboisiere.fr\/index.php\/2024\/05\/14\/compte-rendu-cm-9-avril-2024\/\">COMPTE-RENDU CM 9 AVRIL 2024<\/a><time datetime=\"2024-05-14T18:38:09+02:00\" class=\"wp-block-latest-posts__post-date\">14\/05\/2024<\/time><div class=\"wp-block-latest-posts__post-excerpt\"><\/div><\/li>\n<li><a href=\"http:\/\/mairie-la-framboisiere.fr\/index.php\/2024\/04\/25\/fermeture-mairie-4\/\">FERMETURE MAIRIE<\/a><time datetime=\"2024-04-25T12:09:54+02:00\" class=\"wp-block-latest-posts__post-date\">25\/04\/2024<\/time><div class=\"wp-block-latest-posts__post-excerpt\">La mairie sera ferm\u00e9e du vendredi 26 avril \u00e0 18 h au vendredi 03 mai inclus. R\u00e9ouverture le mardi 07 mai.<\/div><\/li>\n<li><a href=\"http:\/\/mairie-la-framboisiere.fr\/index.php\/2024\/02\/27\/compte-rendu-du-13-fevrier-2024\/\">COMPTE-RENDU DU 13 FEVRIER 2024<\/a><time datetime=\"2024-02-27T18:14:32+01:00\" class=\"wp-block-latest-posts__post-date\">27\/02\/2024<\/time><div class=\"wp-block-latest-posts__post-excerpt\"><\/div><\/li>\n<li><a href=\"http:\/\/mairie-la-framboisiere.fr\/index.php\/2024\/02\/20\/fermeture-de-la-mairie-pour-conges\/\">FERMETURE DE LA MAIRIE POUR CONGES<\/a><time datetime=\"2024-02-20T17:52:54+01:00\" class=\"wp-block-latest-posts__post-date\">20\/02\/2024<\/time><div class=\"wp-block-latest-posts__post-excerpt\">Du VENDREDI 1ER MARS au MARDI 5 MARS INCLUS<\/div><\/li>\n<li><a href=\"http:\/\/mairie-la-framboisiere.fr\/index.php\/2023\/12\/22\/reunion-conseil-municipal-du-5-decembre-2023\/\">REUNION CONSEIL MUNICIPAL DU 5 DECEMBRE 2023<\/a><time datetime=\"2023-12-22T17:40:50+01:00\" class=\"wp-block-latest-posts__post-date\">22\/12\/2023<\/time><div class=\"wp-block-latest-posts__post-excerpt\"><\/div><\/li>\n<li><a href=\"http:\/\/mairie-la-framboisiere.fr\/index.php\/2023\/11\/28\/ramassage-ordures-menageres-et-horaires-dechetterie-2024\/\">RAMASSAGE ORDURES MENAGERES ET HORAIRES DECHETTERIE 2024<\/a><time datetime=\"2023-11-28T18:34:32+01:00\" class=\"wp-block-latest-posts__post-date\">28\/11\/2023<\/time><div class=\"wp-block-latest-posts__post-excerpt\"><\/div><\/li>\n<li><a href=\"http:\/\/mairie-la-framboisiere.fr\/index.php\/2023\/11\/21\/convocation-cm-5-12-2023\/\">CONVOCATION CM 5\/12\/ 2023<\/a><time datetime=\"2023-11-21T16:54:35+01:00\" class=\"wp-block-latest-posts__post-date\">21\/11\/2023<\/time><div class=\"wp-block-latest-posts__post-excerpt\"><\/div><\/li>\n<li><a href=\"http:\/\/mairie-la-framboisiere.fr\/index.php\/2023\/10\/24\/rectificatifs\/\">Rectificatifs<\/a><time datetime=\"2023-10-24T17:37:30+02:00\" class=\"wp-block-latest-posts__post-date\">24\/10\/2023<\/time><div class=\"wp-block-latest-posts__post-excerpt\">Quelques \u00ab\u00a0coquilles\u00a0\u00bb se sont gliss\u00e9es dans le dernier compte rendu : -il faut supprimer \u00ab\u00a0la s\u00e9ance est ouverte \u00e0 20h30\u00a0\u00bb Dans les informations communales, la r\u00e9union publique pour le festival [&hellip;]<\/div><\/li>\n<li><a href=\"http:\/\/mairie-la-framboisiere.fr\/index.php\/2023\/10\/17\/compte-rendu-conseil-municipal-du-10-octobre-2023\/\">Compte Rendu Conseil Municipal          du 10 octobre 2023<\/a><time datetime=\"2023-10-17T18:32:18+02:00\" class=\"wp-block-latest-posts__post-date\">17\/10\/2023<\/time><div class=\"wp-block-latest-posts__post-excerpt\"><\/div><\/li>\n<li><a href=\"http:\/\/mairie-la-framboisiere.fr\/index.php\/2023\/10\/10\/compte-rendu-conseil-du-04-juillet-2023\/\">Compte Rendu Conseil du 04 juillet 2023<\/a><time datetime=\"2023-10-10T15:25:35+02:00\" class=\"wp-block-latest-posts__post-date\">10\/10\/2023<\/time><div class=\"wp-block-latest-posts__post-excerpt\"><\/div><\/li>\n<li><a href=\"http:\/\/mairie-la-framboisiere.fr\/index.php\/2023\/09\/01\/horaires-automne-decheterries\/\">Horaires Automne D\u00e9cheterries<\/a><time datetime=\"2023-09-01T11:12:56+02:00\" class=\"wp-block-latest-posts__post-date\">01\/09\/2023<\/time><div class=\"wp-block-latest-posts__post-excerpt\">https:\/\/www.sirtom-courville.fr\/les_decheteries.html<\/div><\/li>\n<li><a href=\"http:\/\/mairie-la-framboisiere.fr\/index.php\/2023\/08\/01\/conges-dete\/\">CONGES D&rsquo;ETE<\/a><time datetime=\"2023-08-01T17:56:08+02:00\" class=\"wp-block-latest-posts__post-date\">01\/08\/2023<\/time><div class=\"wp-block-latest-posts__post-excerpt\"><\/div><\/li>\n<li><a href=\"http:\/\/mairie-la-framboisiere.fr\/index.php\/2023\/07\/21\/fete-village\/\">FETE VILLAGE<\/a><time datetime=\"2023-07-21T18:37:00+02:00\" class=\"wp-block-latest-posts__post-date\">21\/07\/2023<\/time><div class=\"wp-block-latest-posts__post-excerpt\"><\/div><\/li>\n<li><a href=\"http:\/\/mairie-la-framboisiere.fr\/index.php\/2023\/07\/11\/rassemblement-motos-4\/\">RASSEMBLEMENT MOTOS<\/a><time datetime=\"2023-07-11T15:17:56+02:00\" class=\"wp-block-latest-posts__post-date\">11\/07\/2023<\/time><div class=\"wp-block-latest-posts__post-excerpt\"><\/div><\/li>\n<li><a href=\"http:\/\/mairie-la-framboisiere.fr\/index.php\/2023\/07\/11\/fete-du-village-2\/\">F\u00caTE DU VILLAGE<\/a><time datetime=\"2023-07-11T09:50:25+02:00\" class=\"wp-block-latest-posts__post-date\">11\/07\/2023<\/time><div class=\"wp-block-latest-posts__post-excerpt\"><\/div><\/li>\n<li><a href=\"http:\/\/mairie-la-framboisiere.fr\/index.php\/2023\/07\/07\/horaires-ete-mairie\/\">HORAIRES ETE MAIRIE<\/a><time datetime=\"2023-07-07T18:50:26+02:00\" class=\"wp-block-latest-posts__post-date\">07\/07\/2023<\/time><div class=\"wp-block-latest-posts__post-excerpt\"><\/div><\/li>\n<li><a href=\"http:\/\/mairie-la-framboisiere.fr\/index.php\/2023\/06\/13\/releve-compteurs-deau-par-veolia\/\">Relev\u00e9 compteurs d&rsquo;eau par V\u00e9olia<\/a><time datetime=\"2023-06-13T17:51:36+02:00\" class=\"wp-block-latest-posts__post-date\">13\/06\/2023<\/time><div class=\"wp-block-latest-posts__post-excerpt\">Le d\u00e9l\u00e9gataire V\u00e9olia proc\u00e8dera au relev\u00e9 des compteurs d&rsquo;eau du 15 juin au 22 juin. Veuillez v\u00e9rifier l&rsquo;accessibilit\u00e9 de vos compteurs, merci.<\/div><\/li>\n<li><a href=\"http:\/\/mairie-la-framboisiere.fr\/index.php\/2023\/05\/16\/fermeture-de-la-mairie-le-vendredi-19-mai-2023\/\">FERMETURE DE  LA MAIRIE LE VENDREDI 19 MAI 2023<\/a><time datetime=\"2023-05-16T13:33:25+02:00\" class=\"wp-block-latest-posts__post-date\">16\/05\/2023<\/time><div class=\"wp-block-latest-posts__post-excerpt\"><\/div><\/li>\n<li><a href=\"http:\/\/mairie-la-framboisiere.fr\/index.php\/2023\/05\/09\/compte-rendu-cm-11-avril-2023\/\">COMPTE RENDU CM 11 AVRIL 2023<\/a><time datetime=\"2023-05-09T17:06:02+02:00\" class=\"wp-block-latest-posts__post-date\">09\/05\/2023<\/time><div class=\"wp-block-latest-posts__post-excerpt\"><\/div><\/li>\n<li><a href=\"http:\/\/mairie-la-framboisiere.fr\/index.php\/2023\/05\/02\/ceremonie-du-08mai\/\">c\u00e9r\u00e9monie du 08mai<\/a><time datetime=\"2023-05-02T14:40:52+02:00\" class=\"wp-block-latest-posts__post-date\">02\/05\/2023<\/time><div class=\"wp-block-latest-posts__post-excerpt\">Rendez vous \u00e0 11 h devant la Mairie.<\/div><\/li>\n<li><a href=\"http:\/\/mairie-la-framboisiere.fr\/index.php\/2023\/05\/02\/ceremonie-du-08-mai-2\/\">CEREMONIE DU 08 MAI<\/a><time datetime=\"2023-05-02T14:29:44+02:00\" class=\"wp-block-latest-posts__post-date\">02\/05\/2023<\/time><div class=\"wp-block-latest-posts__post-excerpt\"><\/div><\/li>\n<li><a href=\"http:\/\/mairie-la-framboisiere.fr\/index.php\/2023\/04\/14\/fermeture-de-la-mairie\/\">FERMETURE DE LA MAIRIE<\/a><time datetime=\"2023-04-14T18:11:52+02:00\" class=\"wp-block-latest-posts__post-date\">14\/04\/2023<\/time><div class=\"wp-block-latest-posts__post-excerpt\">La Mairie sera ferm\u00e9e du lundi 17 Avril au Vendredi 21 Avril 2023<\/div><\/li>\n<li><a href=\"http:\/\/mairie-la-framboisiere.fr\/index.php\/2023\/04\/07\/reunion-cm-mardi-11-avril-2023-a-20-h-30\/\">REUNION CM MARDI 11 AVRIL 2023        A 20 H 30<\/a><time datetime=\"2023-04-07T18:15:14+02:00\" class=\"wp-block-latest-posts__post-date\">07\/04\/2023<\/time><div class=\"wp-block-latest-posts__post-excerpt\"><\/div><\/li>\n<li><a href=\"http:\/\/mairie-la-framboisiere.fr\/index.php\/2023\/03\/06\/attention\/\">ATTENTION !<\/a><time datetime=\"2023-03-06T18:41:48+01:00\" class=\"wp-block-latest-posts__post-date\">06\/03\/2023<\/time><div class=\"wp-block-latest-posts__post-excerpt\">Le mardi 07 mars 2023, coupure d&rsquo;eau de 8 h \u00e0 12 h sur toute la commune pour cause de r\u00e9paration fuite sur le tuyau venant de La Puisaye. Merci [&hellip;]<\/div><\/li>\n<li><a href=\"http:\/\/mairie-la-framboisiere.fr\/index.php\/2023\/02\/13\/visite-lignes-electrique-par-helicoptere\/\">Visite lignes \u00e9lectrique par h\u00e9licopt\u00e8re<\/a><time datetime=\"2023-02-13T11:30:10+01:00\" class=\"wp-block-latest-posts__post-date\">13\/02\/2023<\/time><div class=\"wp-block-latest-posts__post-excerpt\"><\/div><\/li>\n<li><a href=\"http:\/\/mairie-la-framboisiere.fr\/index.php\/2023\/02\/13\/declaration-de-situation-impots-locaux\/\">DECLARATION DE SITUATION IMPOTS LOCAUX<\/a><time datetime=\"2023-02-13T10:44:06+01:00\" class=\"wp-block-latest-posts__post-date\">13\/02\/2023<\/time><div class=\"wp-block-latest-posts__post-excerpt\"><\/div><\/li>\n<li><a href=\"http:\/\/mairie-la-framboisiere.fr\/index.php\/2023\/01\/31\/affiche-promeneurs-grippe\/\">Affiche promeneurs Grippe<\/a><time datetime=\"2023-01-31T18:00:57+01:00\" class=\"wp-block-latest-posts__post-date\">31\/01\/2023<\/time><div class=\"wp-block-latest-posts__post-excerpt\"><\/div><\/li>\n<li><a href=\"http:\/\/mairie-la-framboisiere.fr\/index.php\/2023\/01\/31\/grippe-aviaire\/\">Grippe Aviaire<\/a><time datetime=\"2023-01-31T17:53:38+01:00\" class=\"wp-block-latest-posts__post-date\">31\/01\/2023<\/time><div class=\"wp-block-latest-posts__post-excerpt\">Le d\u00e9partement est plac\u00e9 en zone \u00e0 risques depuis la d\u00e9couverte de cadavres de mouettes rieuses victimes de cette pand\u00e9mie sur un \u00e9tang \u00e0 Courville. Il est demand\u00e9 de d\u00e9clarer [&hellip;]<\/div><\/li>\n<li><a href=\"http:\/\/mairie-la-framboisiere.fr\/index.php\/2023\/01\/24\/horaires-de-la-dechetterie\/\">HORAIRES DE LA DECHETTERIE<\/a><time datetime=\"2023-01-24T18:18:37+01:00\" class=\"wp-block-latest-posts__post-date\">24\/01\/2023<\/time><div class=\"wp-block-latest-posts__post-excerpt\"><\/div><\/li>\n<li><a href=\"http:\/\/mairie-la-framboisiere.fr\/index.php\/2023\/01\/23\/perdu\/\">Perdu !<\/a><time datetime=\"2023-01-23T09:21:28+01:00\" class=\"wp-block-latest-posts__post-date\">23\/01\/2023<\/time><div class=\"wp-block-latest-posts__post-excerpt\"><\/div><\/li>\n<li><a href=\"http:\/\/mairie-la-framboisiere.fr\/index.php\/2023\/01\/17\/recensement-2023\/\">Recensement 2023<\/a><time datetime=\"2023-01-17T14:14:09+01:00\" class=\"wp-block-latest-posts__post-date\">17\/01\/2023<\/time><div class=\"wp-block-latest-posts__post-excerpt\"><\/div><\/li>\n<li><a href=\"http:\/\/mairie-la-framboisiere.fr\/index.php\/2023\/01\/09\/lecture-ecole\/\">Lecture \u00e9cole<\/a><time datetime=\"2023-01-09T11:48:04+01:00\" class=\"wp-block-latest-posts__post-date\">09\/01\/2023<\/time><div class=\"wp-block-latest-posts__post-excerpt\"><\/div><\/li>\n<li><a href=\"http:\/\/mairie-la-framboisiere.fr\/index.php\/2023\/01\/09\/calendrier-des-collectes-sirtom\/\">Calendrier des collectes SIRTOM<\/a><time datetime=\"2023-01-09T09:44:42+01:00\" class=\"wp-block-latest-posts__post-date\">09\/01\/2023<\/time><div class=\"wp-block-latest-posts__post-excerpt\"><\/div><\/li>\n<li><a href=\"http:\/\/mairie-la-framboisiere.fr\/index.php\/2022\/12\/12\/appel-aux-dons\/\">APPEL AUX DONS<\/a><time datetime=\"2022-12-12T11:50:44+01:00\" class=\"wp-block-latest-posts__post-date\">12\/12\/2022<\/time><div class=\"wp-block-latest-posts__post-excerpt\"><\/div><\/li>\n<li><a href=\"http:\/\/mairie-la-framboisiere.fr\/index.php\/2022\/11\/29\/ceremonie-du-11-novembre-2022\/\">C\u00e9r\u00e9monie du 11 novembre 2022<\/a><time datetime=\"2022-11-29T18:30:06+01:00\" class=\"wp-block-latest-posts__post-date\">29\/11\/2022<\/time><div class=\"wp-block-latest-posts__post-excerpt\">(cr\u00e9dit photos P.LABONDE)<\/div><\/li>\n<li><a href=\"http:\/\/mairie-la-framboisiere.fr\/index.php\/2022\/11\/29\/marche-de-noel\/\">March\u00e9 de No\u00ebl<\/a><time datetime=\"2022-11-29T17:34:13+01:00\" class=\"wp-block-latest-posts__post-date\">29\/11\/2022<\/time><div class=\"wp-block-latest-posts__post-excerpt\"><\/div><\/li>\n<li><a href=\"http:\/\/mairie-la-framboisiere.fr\/index.php\/2022\/11\/22\/conseil-municipal-du-06-12-2022\/\">CONSEIL MUNICIPAL DU 06\/12\/2022<\/a><time datetime=\"2022-11-22T18:08:21+01:00\" class=\"wp-block-latest-posts__post-date\">22\/11\/2022<\/time><div class=\"wp-block-latest-posts__post-excerpt\"><\/div><\/li>\n<li><a href=\"http:\/\/mairie-la-framboisiere.fr\/index.php\/2022\/11\/21\/cm-du-25-octobre-2022\/\">CM DU 25 OCTOBRE 2022<\/a><time datetime=\"2022-11-21T09:59:18+01:00\" class=\"wp-block-latest-posts__post-date\">21\/11\/2022<\/time><div class=\"wp-block-latest-posts__post-excerpt\"><\/div><\/li>\n<li><a href=\"http:\/\/mairie-la-framboisiere.fr\/index.php\/2022\/11\/21\/info-sirtom-2\/\">INFO SIRTOM<\/a><time datetime=\"2022-11-21T09:57:58+01:00\" class=\"wp-block-latest-posts__post-date\">21\/11\/2022<\/time><div class=\"wp-block-latest-posts__post-excerpt\"><\/div><\/li>\n<li><a href=\"http:\/\/mairie-la-framboisiere.fr\/index.php\/2022\/11\/21\/vente-sapins-de-noel-ape\/\">VENTE SAPINS DE NOEL APE<\/a><time datetime=\"2022-11-21T09:56:36+01:00\" class=\"wp-block-latest-posts__post-date\">21\/11\/2022<\/time><div class=\"wp-block-latest-posts__post-excerpt\"><\/div><\/li>\n<li><a href=\"http:\/\/mairie-la-framboisiere.fr\/index.php\/2022\/11\/21\/matinee-recrutement\/\">MATINEE RECRUTEMENT<\/a><time datetime=\"2022-11-21T09:55:50+01:00\" class=\"wp-block-latest-posts__post-date\">21\/11\/2022<\/time><div class=\"wp-block-latest-posts__post-excerpt\"><\/div><\/li>\n<li><a href=\"http:\/\/mairie-la-framboisiere.fr\/index.php\/2022\/11\/21\/reunion-pubique-revision-plan-local-durbanisme-intercommunal\/\">REUNION PUBIQUE REVISION PLAN LOCAL D&rsquo;URBANISME INTERCOMMUNAL<\/a><time datetime=\"2022-11-21T09:54:50+01:00\" class=\"wp-block-latest-posts__post-date\">21\/11\/2022<\/time><div class=\"wp-block-latest-posts__post-excerpt\"><\/div><\/li>\n<li><a href=\"http:\/\/mairie-la-framboisiere.fr\/index.php\/2022\/11\/21\/plan-local-durbanisme-intercommunal\/\">PLAN LOCAL D&rsquo;URBANISME  INTERCOMMUNAL<\/a><time datetime=\"2022-11-21T09:48:36+01:00\" class=\"wp-block-latest-posts__post-date\">21\/11\/2022<\/time><div class=\"wp-block-latest-posts__post-excerpt\"><\/div><\/li>\n<li><a href=\"http:\/\/mairie-la-framboisiere.fr\/index.php\/2022\/10\/25\/permanence-france-services-2eme-semestre-2022\/\">PERMANENCE FRANCE SERVICES 2EME SEMESTRE 2022<\/a><time datetime=\"2022-10-25T15:06:51+02:00\" class=\"wp-block-latest-posts__post-date\">25\/10\/2022<\/time><div class=\"wp-block-latest-posts__post-excerpt\"><\/div><\/li>\n<li><a href=\"http:\/\/mairie-la-framboisiere.fr\/index.php\/2022\/10\/24\/cm-27-septembre-2022\/\">CM 27 SEPTEMBRE 2022<\/a><time datetime=\"2022-10-24T11:53:19+02:00\" class=\"wp-block-latest-posts__post-date\">24\/10\/2022<\/time><div class=\"wp-block-latest-posts__post-excerpt\"><\/div><\/li>\n<li><a href=\"http:\/\/mairie-la-framboisiere.fr\/index.php\/2022\/09\/30\/vol-de-cables\/\">Vol de cables<\/a><time datetime=\"2022-09-30T17:05:52+02:00\" class=\"wp-block-latest-posts__post-date\">30\/09\/2022<\/time><div class=\"wp-block-latest-posts__post-excerpt\">La commune a de nouveau \u00e9t\u00e9 victime d&rsquo;un vol de c\u00e2ble t\u00e9l\u00e9phonique ! Cet incident va surtout impacter les foyers ayant le t\u00e9l\u00e9phone sans passer par internet. La dur\u00e9e de [&hellip;]<\/div><\/li>\n<li><a href=\"http:\/\/mairie-la-framboisiere.fr\/index.php\/2022\/09\/23\/travaux-antenne-mobiles\/\">Travaux antenne mobiles<\/a><time datetime=\"2022-09-23T15:54:00+02:00\" class=\"wp-block-latest-posts__post-date\">23\/09\/2022<\/time><div class=\"wp-block-latest-posts__post-excerpt\">Les travaux ont repris sur le ch\u00e2teau d&rsquo;eau avec, enfin, la pose du mat\u00e9riel de communication. Un r\u00e9cent \u00e9change avec Free confirme une mise en service d\u00e9but d\u00e9cembre mais on [&hellip;]<\/div><\/li>\n<li><a href=\"http:\/\/mairie-la-framboisiere.fr\/index.php\/2022\/09\/11\/enquete-mobilite-bis\/\">Enqu\u00eate mobilit\u00e9 (bis)<\/a><time datetime=\"2022-09-11T18:54:45+02:00\" class=\"wp-block-latest-posts__post-date\">11\/09\/2022<\/time><div class=\"wp-block-latest-posts__post-excerpt\">Pour remplir le questionnaire sur le site de la cdc il faut : 1 -choisir l&rsquo;onglet \u00ab\u00a0enfance\/jeunesse\u00a0\u00bb 2- choisir \u00ab\u00a0transport scolaire\u00a0\u00bb 3- \u00e0 droite, s\u00e9lectionner \u00ab\u00a0comp\u00e9tence mobilit\u00e9\u00a0\u00bb 4- en bas [&hellip;]<\/div><\/li>\n<li><a href=\"http:\/\/mairie-la-framboisiere.fr\/index.php\/2022\/09\/09\/enquete-mobilite\/\">Enqu\u00eate mobilit\u00e9<\/a><time datetime=\"2022-09-09T18:51:40+02:00\" class=\"wp-block-latest-posts__post-date\">09\/09\/2022<\/time><div class=\"wp-block-latest-posts__post-excerpt\">La communaut\u00e9 de communes r\u00e9alise une enqu\u00eate sur la mobilit\u00e9. Vous pouvez y participer en compl\u00e9tant le formulaire sur le site de la cdc des for\u00eats du perche en suivant [&hellip;]<\/div><\/li>\n<li><a href=\"http:\/\/mairie-la-framboisiere.fr\/index.php\/2022\/08\/23\/modification-fermeture-mairie-pour-conges\/\">MODIFICATION FERMETURE MAIRIE POUR CONGES<\/a><time datetime=\"2022-08-23T17:06:28+02:00\" class=\"wp-block-latest-posts__post-date\">23\/08\/2022<\/time><div class=\"wp-block-latest-posts__post-excerpt\">La MAIRIE SERA FERMEE DU LUNDI 12 AU VENDREDI 16 SEPTEMBRE 2022 INCLUS<\/div><\/li>\n<\/ul>","protected":false},"excerpt":{"rendered":"","protected":false},"author":1,"featured_media":0,"parent":0,"menu_order":0,"comment_status":"closed","ping_status":"closed","template":"","meta":[],"_links":{"self":[{"href":"http:\/\/mairie-la-framboisiere.fr\/index.php\/wp-json\/wp\/v2\/pages\/56"}],"collection":[{"href":"http:\/\/mairie-la-framboisiere.fr\/index.php\/wp-json\/wp\/v2\/pages"}],"about":[{"href":"http:\/\/mairie-la-framboisiere.fr\/index.php\/wp-json\/wp\/v2\/types\/page"}],"author":[{"embeddable":true,"href":"http:\/\/mairie-la-framboisiere.fr\/index.php\/wp-json\/wp\/v2\/users\/1"}],"replies":[{"embeddable":true,"href":"http:\/\/mairie-la-framboisiere.fr\/index.php\/wp-json\/wp\/v2\/comments?post=56"}],"version-history":[{"count":2,"href":"http:\/\/mairie-la-framboisiere.fr\/index.php\/wp-json\/wp\/v2\/pages\/56\/revisions"}],"predecessor-version":[{"id":187,"href":"http:\/\/mairie-la-framboisiere.fr\/index.php\/wp-json\/wp\/v2\/pages\/56\/revisions\/187"}],"wp:attachment":[{"href":"http:\/\/mairie-la-framboisiere.fr\/index.php\/wp-json\/wp\/v2\/media?parent=56"}],"curies":[{"name":"wp","href":"https:\/\/api.w.org\/{rel}","templated":true}]}}