{"id":81,"date":"2020-03-29T16:54:49","date_gmt":"2020-03-29T14:54:49","guid":{"rendered":"http:\/\/mairie-la-framboisiere.fr\/?page_id=81"},"modified":"2020-03-29T16:54:49","modified_gmt":"2020-03-29T14:54:49","slug":"mairie-de-la-framboisiere","status":"publish","type":"page","link":"http:\/\/mairie-la-framboisiere.fr\/index.php\/mairie-de-la-framboisiere\/","title":{"rendered":"Mairie de La Framboisi\u00e8re"},"content":{"rendered":"\n<p> <strong>Mairie de la Framboisi\u00e8re<\/strong> <\/p>\n\n\n\n<p>  <em>4, rue Etienne Achavanne<\/em> <br> <em>28250 LA FRAMBOISIERE<\/em> <br> <em>T\u00e9l\u00a0: 02 37 37 71 06 ou 09 60 08 56 02<\/em> <br> <em>Fax\u00a0: 02 37 37 91 76<\/em> <br> <em>Email\u00a0:<a href=\"mailto: mairie-la-framboisiere@wanadoo.fr\"> mairie-la-framboisiere@wanadoo.fr<\/a><\/em>  <\/p>\n\n\n\n<p> <strong>Horaires d&rsquo;ouverture:<\/strong> <\/p>\n\n\n\n<p> <em>Lundi de 9\u00a0heures\u00a0\u00e0 12 heures<\/em><br><em>Mardi de 13 heures 30 \u00e0 19 heures<\/em><br><em>Vendredi de 15 heures 30 \u00e0 19 heures<\/em>  <\/p>\n\n\n\n<p> <strong>Secr\u00e9taire\u00a0: Mme Bernard Annick<\/strong> <\/p>\n","protected":false},"excerpt":{"rendered":"<p>Mairie de la Framboisi\u00e8re 4, rue Etienne Achavanne 28250 LA FRAMBOISIERE T\u00e9l\u00a0: 02 37 37 71 06 ou 09 60 08 56 02 Fax\u00a0: 02 37 37 91 76 Email\u00a0: mairie-la-framboisiere@wanadoo.fr Horaires d&rsquo;ouverture: Lundi de 9\u00a0heures\u00a0\u00e0 12 heuresMardi de 13 heures 30 \u00e0 19 heuresVendredi de 15 heures 30 \u00e0 19 heures Secr\u00e9taire\u00a0: Mme Bernard [&hellip;]<\/p>\n","protected":false},"author":1,"featured_media":0,"parent":0,"menu_order":0,"comment_status":"closed","ping_status":"closed","template":"","meta":[],"_links":{"self":[{"href":"http:\/\/mairie-la-framboisiere.fr\/index.php\/wp-json\/wp\/v2\/pages\/81"}],"collection":[{"href":"http:\/\/mairie-la-framboisiere.fr\/index.php\/wp-json\/wp\/v2\/pages"}],"about":[{"href":"http:\/\/mairie-la-framboisiere.fr\/index.php\/wp-json\/wp\/v2\/types\/page"}],"author":[{"embeddable":true,"href":"http:\/\/mairie-la-framboisiere.fr\/index.php\/wp-json\/wp\/v2\/users\/1"}],"replies":[{"embeddable":true,"href":"http:\/\/mairie-la-framboisiere.fr\/index.php\/wp-json\/wp\/v2\/comments?post=81"}],"version-history":[{"count":1,"href":"http:\/\/mairie-la-framboisiere.fr\/index.php\/wp-json\/wp\/v2\/pages\/81\/revisions"}],"predecessor-version":[{"id":82,"href":"http:\/\/mairie-la-framboisiere.fr\/index.php\/wp-json\/wp\/v2\/pages\/81\/revisions\/82"}],"wp:attachment":[{"href":"http:\/\/mairie-la-framboisiere.fr\/index.php\/wp-json\/wp\/v2\/media?parent=81"}],"curies":[{"name":"wp","href":"https:\/\/api.w.org\/{rel}","templated":true}]}}