{"id":90,"date":"2020-03-29T17:01:08","date_gmt":"2020-03-29T15:01:08","guid":{"rendered":"http:\/\/mairie-la-framboisiere.fr\/?page_id=90"},"modified":"2026-05-12T14:43:16","modified_gmt":"2026-05-12T12:43:16","slug":"syndicats","status":"publish","type":"page","link":"http:\/\/mairie-la-framboisiere.fr\/index.php\/mairie-de-la-framboisiere\/syndicats\/","title":{"rendered":"Syndicats"},"content":{"rendered":"\n<p><strong><em>SDE<\/em><\/strong><strong><\/strong><\/p>\n\n\n\n<p><em>Titulaire :  <em>Mr Lafave<\/em><\/em><\/p>\n\n\n\n<p><em>Suppleant : Mr <\/em>Dubois<\/p>\n\n\n\n<p><strong><em>SIDEP <\/em><\/strong><strong>(<em>eau)<\/em><\/strong><\/p>\n\n\n\n<p><em>Mr Lafave, Mme Bossion<\/em><\/p>\n\n\n\n<p><strong><em>SIRTOM (poubelles)<\/em><\/strong><\/p>\n\n\n\n<p><em>Titulaires&nbsp;<\/em>: <em>Mrs Dubois, Andr\u00e9<\/em><\/p>\n\n\n\n<p><em>Suppl\u00e9antes&nbsp;: Mmmes Leboucher, Langlois<\/em><\/p>\n\n\n\n<p><strong><em>SIAP <\/em><\/strong><strong>( <em>PERCHE)<\/em><\/strong><\/p>\n\n\n\n<p><em>Titulaire :\nMme Bossion<\/em><\/p>\n\n\n\n<p><em>Suppl\u00e9ant :\nMr Lafave<\/em><\/p>\n\n\n\n<p><em><strong>Correspondant D\u00e9fense<\/strong><\/em><\/p>\n\n\n\n<p><em>Mr Andr\u00e9<\/em><\/p>\n\n\n\n<p><strong><em>Agence Technique D\u00e9partementale (ATD)<\/em><\/strong><\/p>\n\n\n\n<p><em>Titulaire : Mr Lafave<\/em><\/p>\n\n\n\n<p><em>Suppl\u00e9ante : Mme Gu\u00e9rin<\/em><\/p>\n\n\n\n<p><em><strong>Communaut\u00e9 de Communes du Perche Senonchois<\/strong><\/em><\/p>\n\n\n\n<p><em>Titulaires : Mr Lafave <\/em><\/p>\n\n\n\n<p><em>Suppl\u00e9ante : Mme Bossion<\/em><\/p>\n","protected":false},"excerpt":{"rendered":"<p>SDE Titulaire : Mr Lafave Suppleant : Mr Dubois SIDEP (eau) Mr Lafave, Mme Bossion SIRTOM (poubelles) Titulaires&nbsp;: Mrs Dubois, Andr\u00e9 Suppl\u00e9antes&nbsp;: Mmmes Leboucher, Langlois SIAP ( PERCHE) Titulaire : Mme Bossion Suppl\u00e9ant : Mr Lafave Correspondant D\u00e9fense Mr Andr\u00e9 Agence Technique D\u00e9partementale (ATD) Titulaire : Mr Lafave Suppl\u00e9ante : Mme Gu\u00e9rin Communaut\u00e9 de Communes [&hellip;]<\/p>\n","protected":false},"author":1,"featured_media":0,"parent":81,"menu_order":0,"comment_status":"closed","ping_status":"closed","template":"","meta":[],"_links":{"self":[{"href":"http:\/\/mairie-la-framboisiere.fr\/index.php\/wp-json\/wp\/v2\/pages\/90"}],"collection":[{"href":"http:\/\/mairie-la-framboisiere.fr\/index.php\/wp-json\/wp\/v2\/pages"}],"about":[{"href":"http:\/\/mairie-la-framboisiere.fr\/index.php\/wp-json\/wp\/v2\/types\/page"}],"author":[{"embeddable":true,"href":"http:\/\/mairie-la-framboisiere.fr\/index.php\/wp-json\/wp\/v2\/users\/1"}],"replies":[{"embeddable":true,"href":"http:\/\/mairie-la-framboisiere.fr\/index.php\/wp-json\/wp\/v2\/comments?post=90"}],"version-history":[{"count":4,"href":"http:\/\/mairie-la-framboisiere.fr\/index.php\/wp-json\/wp\/v2\/pages\/90\/revisions"}],"predecessor-version":[{"id":1112,"href":"http:\/\/mairie-la-framboisiere.fr\/index.php\/wp-json\/wp\/v2\/pages\/90\/revisions\/1112"}],"up":[{"embeddable":true,"href":"http:\/\/mairie-la-framboisiere.fr\/index.php\/wp-json\/wp\/v2\/pages\/81"}],"wp:attachment":[{"href":"http:\/\/mairie-la-framboisiere.fr\/index.php\/wp-json\/wp\/v2\/media?parent=90"}],"curies":[{"name":"wp","href":"https:\/\/api.w.org\/{rel}","templated":true}]}}