{"id":95,"date":"2020-03-29T17:03:44","date_gmt":"2020-03-29T15:03:44","guid":{"rendered":"http:\/\/mairie-la-framboisiere.fr\/?page_id=95"},"modified":"2020-03-29T17:03:44","modified_gmt":"2020-03-29T15:03:44","slug":"vie-associative","status":"publish","type":"page","link":"http:\/\/mairie-la-framboisiere.fr\/index.php\/vie-associative\/","title":{"rendered":"Vie associative"},"content":{"rendered":"\n<p class=\"has-text-color has-very-dark-gray-color\"><strong>Les Amis de la Framboisi\u00e8re <\/strong><\/p>\n\n\n\n<p class=\"has-text-color has-very-dark-gray-color\"><strong>Si\u00e8ge social<\/strong>&nbsp;: mairie de la Framboisi\u00e8re&nbsp;<\/p>\n\n\n\n<p class=\"has-text-color has-text-align-left has-very-dark-gray-color\">&nbsp;&nbsp;&nbsp;&nbsp;&nbsp;&nbsp;&nbsp; <strong>Pr\u00e9sident<\/strong>&nbsp;: Thi\u00e9rry Dubois<\/p>\n\n\n\n<p class=\"has-text-color has-very-dark-gray-color\">&nbsp;&nbsp;&nbsp;&nbsp;&nbsp;&nbsp;&nbsp;&nbsp; <strong>Vice-pr\u00e9sident<\/strong>&nbsp;: Albert Andr\u00e9<\/p>\n\n\n\n<p class=\"has-text-color has-very-dark-gray-color\">&nbsp;&nbsp;&nbsp;&nbsp;&nbsp;&nbsp;&nbsp;&nbsp; <strong>Secr\u00e9taire<\/strong>&nbsp;: Sophie Lafave<\/p>\n\n\n\n<p class=\"has-text-color has-very-dark-gray-color\">&nbsp;&nbsp;&nbsp;&nbsp;&nbsp;&nbsp;&nbsp;&nbsp; <strong>Tr\u00e9soriers<\/strong>&nbsp;: Jean-Fran\u00e7ois Chaylac, Martine H\u00e9ron<\/p>\n\n\n\n<p class=\"has-text-color has-very-dark-gray-color\">L\u2019association forte d\u2019une quinzaine de b\u00e9n\u00e9voles organise plusieurs manifestations au cours de l\u2019ann\u00e9e, dont le point culminant est la F\u00eate de l&rsquo;amiti\u00e9 au&nbsp;d\u00e9but&nbsp;du&nbsp;mois&nbsp;d&rsquo;ao\u00fbt.<\/p>\n","protected":false},"excerpt":{"rendered":"<p>Les Amis de la Framboisi\u00e8re Si\u00e8ge social&nbsp;: mairie de la Framboisi\u00e8re&nbsp; &nbsp;&nbsp;&nbsp;&nbsp;&nbsp;&nbsp;&nbsp; Pr\u00e9sident&nbsp;: Thi\u00e9rry Dubois &nbsp;&nbsp;&nbsp;&nbsp;&nbsp;&nbsp;&nbsp;&nbsp; Vice-pr\u00e9sident&nbsp;: Albert Andr\u00e9 &nbsp;&nbsp;&nbsp;&nbsp;&nbsp;&nbsp;&nbsp;&nbsp; Secr\u00e9taire&nbsp;: Sophie Lafave &nbsp;&nbsp;&nbsp;&nbsp;&nbsp;&nbsp;&nbsp;&nbsp; Tr\u00e9soriers&nbsp;: Jean-Fran\u00e7ois Chaylac, Martine H\u00e9ron L\u2019association forte d\u2019une quinzaine de b\u00e9n\u00e9voles organise plusieurs manifestations au cours de l\u2019ann\u00e9e, dont le point culminant est la F\u00eate de l&rsquo;amiti\u00e9 au&nbsp;d\u00e9but&nbsp;du&nbsp;mois&nbsp;d&rsquo;ao\u00fbt.<\/p>\n","protected":false},"author":1,"featured_media":0,"parent":0,"menu_order":0,"comment_status":"closed","ping_status":"closed","template":"","meta":[],"_links":{"self":[{"href":"http:\/\/mairie-la-framboisiere.fr\/index.php\/wp-json\/wp\/v2\/pages\/95"}],"collection":[{"href":"http:\/\/mairie-la-framboisiere.fr\/index.php\/wp-json\/wp\/v2\/pages"}],"about":[{"href":"http:\/\/mairie-la-framboisiere.fr\/index.php\/wp-json\/wp\/v2\/types\/page"}],"author":[{"embeddable":true,"href":"http:\/\/mairie-la-framboisiere.fr\/index.php\/wp-json\/wp\/v2\/users\/1"}],"replies":[{"embeddable":true,"href":"http:\/\/mairie-la-framboisiere.fr\/index.php\/wp-json\/wp\/v2\/comments?post=95"}],"version-history":[{"count":1,"href":"http:\/\/mairie-la-framboisiere.fr\/index.php\/wp-json\/wp\/v2\/pages\/95\/revisions"}],"predecessor-version":[{"id":96,"href":"http:\/\/mairie-la-framboisiere.fr\/index.php\/wp-json\/wp\/v2\/pages\/95\/revisions\/96"}],"wp:attachment":[{"href":"http:\/\/mairie-la-framboisiere.fr\/index.php\/wp-json\/wp\/v2\/media?parent=95"}],"curies":[{"name":"wp","href":"https:\/\/api.w.org\/{rel}","templated":true}]}}