{"id":208,"date":"2020-05-08T09:31:08","date_gmt":"2020-05-08T07:31:08","guid":{"rendered":"http:\/\/mairie-la-framboisiere.fr\/?page_id=208"},"modified":"2020-06-17T16:44:38","modified_gmt":"2020-06-17T14:44:38","slug":"monument-aux-morts","status":"publish","type":"page","link":"https:\/\/mairie-la-framboisiere.fr\/index.php\/ma-commune\/monument-aux-morts\/","title":{"rendered":"Monument aux morts"},"content":{"rendered":"\n<p class=\"has-text-align-center\"><strong>Le monument aux morts de la Framboisi\u00e8re<\/strong><\/p>\n\n\n\n<div class=\"wp-block-image\"><figure class=\"aligncenter size-large\"><img src=\"http:\/\/mairie-la-framboisiere.fr\/wp-content\/uploads\/2020\/05\/monument.jpg\" alt=\"\" class=\"wp-image-213\"\/><figcaption>Monument aux morts<\/figcaption><\/figure><\/div>\n\n\n\n<p>La construction du monument aux morts de la Framboisi\u00e8re a \u00e9t\u00e9 vot\u00e9e en 1920, deux ans apr\u00e8s la fin de la premi\u00e8re guerre mondiale.<\/p>\n\n\n\n<p>La guerre 1914-1918 a impliqu\u00e9 plus de soldats, provoqu\u00e9s plus de morts et caus\u00e9 plus de destructions que toute autre guerre connue avant.<br>Plus de 60 millions de soldats en ont pris part. Pendant cette guerre , environ 10 millions de civils et militaires sont morts et environ 20 millions ont \u00e9t\u00e9 bless\u00e9s .<\/p>\n\n\n\n<p>Malheureusement , nous ne savons pas qui a construit le monument aux morts.<\/p>\n\n\n\n<p>Nous savons qu\u2019il a \u00e9t\u00e9 inaugur\u00e9 le 5 avril 1925, un banquet a aussi \u00e9t\u00e9 fait pour honorer cet \u00e9v\u00e9nement rare.<\/p>\n\n\n\n<div class=\"wp-block-image\"><figure class=\"aligncenter size-large\"><img loading=\"lazy\" width=\"243\" height=\"380\" src=\"http:\/\/mairie-la-framboisiere.fr\/wp-content\/uploads\/2020\/05\/croquis_monument.jpg\" alt=\"\" class=\"wp-image-212\" srcset=\"https:\/\/mairie-la-framboisiere.fr\/wp-content\/uploads\/2020\/05\/croquis_monument.jpg 243w, https:\/\/mairie-la-framboisiere.fr\/wp-content\/uploads\/2020\/05\/croquis_monument-192x300.jpg 192w\" sizes=\"(max-width: 243px) 100vw, 243px\" \/><\/figure><\/div>\n\n\n\n<p>Le monument devait \u00eatre en marbre mais notre petite commune n\u2019avait que 1 600 francs de budget pour construire le monument.<br>Comme le marbre \u00e9tait une mati\u00e8re \u00ab&nbsp;noble&nbsp;\u00bb, et que ce mat\u00e9riau coutait cher, nos anciens ont alors pris la d\u00e9cision de le construire en ciment arm\u00e9.<\/p>\n\n\n\n<p>Le monument a co\u00fbt\u00e9 plus cher que pr\u00e9vu, environ 1 600 francs. Les personnes vivants dans la commune pouvaient alors sur la base du volontariat donner de l\u2019argent pour aider a payer la construction du monument.<\/p>\n\n\n\n<p>Le monument est en forme d\u2019obelisque, il mesure 2 , 45 m et son socle mesure 3 m \/ 1,60 m<\/p>\n\n\n\n<p>Ce monument aux morts est d\u2019origine patriotique car il y a eu sacrifice de beaucoup de soldats qui se sont battus pour notre patrie et ont gagn\u00e9 cette guerre , c\u2019est le sacrifice d\u2019une g\u00e9n\u00e9ration pour d\u00e9fendre le pays et ses valeurs.<\/p>\n\n\n\n<p>Nous remercions tous les soldats pour s\u2019\u00eatre battus pour nous, d\u00a0\u2019avoir d\u00e9fendu notre pays et ses valeurs afin de laisser un monde meilleur a ses g\u00e9n\u00e9rations futures, notre g\u00e9n\u00e9ration, ils se sont battus pour nous, sont morts pour nous et pour notre pays.<\/p>\n\n\n\n<p class=\"has-text-align-center\">Recherches et r\u00e9daction par <strong>M\u00e9lanie Poirier<\/strong><\/p>\n","protected":false},"excerpt":{"rendered":"<p>Le monument aux morts de la Framboisi\u00e8re La construction du monument aux morts de la Framboisi\u00e8re a \u00e9t\u00e9 vot\u00e9e en 1920, deux ans apr\u00e8s la fin de la premi\u00e8re guerre mondiale. La guerre 1914-1918 a impliqu\u00e9 plus de soldats, provoqu\u00e9s plus de morts et caus\u00e9 plus de destructions que toute autre guerre connue avant.Plus de [&hellip;]<\/p>\n","protected":false},"author":1,"featured_media":0,"parent":75,"menu_order":0,"comment_status":"closed","ping_status":"closed","template":"","meta":[],"_links":{"self":[{"href":"https:\/\/mairie-la-framboisiere.fr\/index.php\/wp-json\/wp\/v2\/pages\/208"}],"collection":[{"href":"https:\/\/mairie-la-framboisiere.fr\/index.php\/wp-json\/wp\/v2\/pages"}],"about":[{"href":"https:\/\/mairie-la-framboisiere.fr\/index.php\/wp-json\/wp\/v2\/types\/page"}],"author":[{"embeddable":true,"href":"https:\/\/mairie-la-framboisiere.fr\/index.php\/wp-json\/wp\/v2\/users\/1"}],"replies":[{"embeddable":true,"href":"https:\/\/mairie-la-framboisiere.fr\/index.php\/wp-json\/wp\/v2\/comments?post=208"}],"version-history":[{"count":12,"href":"https:\/\/mairie-la-framboisiere.fr\/index.php\/wp-json\/wp\/v2\/pages\/208\/revisions"}],"predecessor-version":[{"id":305,"href":"https:\/\/mairie-la-framboisiere.fr\/index.php\/wp-json\/wp\/v2\/pages\/208\/revisions\/305"}],"up":[{"embeddable":true,"href":"https:\/\/mairie-la-framboisiere.fr\/index.php\/wp-json\/wp\/v2\/pages\/75"}],"wp:attachment":[{"href":"https:\/\/mairie-la-framboisiere.fr\/index.php\/wp-json\/wp\/v2\/media?parent=208"}],"curies":[{"name":"wp","href":"https:\/\/api.w.org\/{rel}","templated":true}]}}