{"id":77,"date":"2020-03-29T16:52:30","date_gmt":"2020-03-29T14:52:30","guid":{"rendered":"http:\/\/mairie-la-framboisiere.fr\/?page_id=77"},"modified":"2023-10-13T09:38:16","modified_gmt":"2023-10-13T07:38:16","slug":"artisans-et-commercants","status":"publish","type":"page","link":"https:\/\/mairie-la-framboisiere.fr\/index.php\/ma-commune\/artisans-et-commercants\/","title":{"rendered":"Artisans et commer\u00e7ants"},"content":{"rendered":"\n<p class=\"has-normal-font-size\"><strong>ADS DECAP 28<\/strong><br><br>William Bolanos  <br>D\u00e9capage sur tous supports par a\u00e9rogommage. A domicile et en atelier<br>Le Grand Village<br>09 54 48 83 69<br>02 37 37 97 82 <\/p>\n\n\n\n<p class=\"has-normal-font-size\"><strong>Serres-Pr\u00e9tamo<\/strong><br>Serres en tous genres <br>Route des Brosses<br>02 37 37 71 33 <\/p>\n\n\n\n<p class=\"has-normal-font-size\"><strong>L&rsquo;ouvrage &amp; l&rsquo;\u00e9crivaine <\/strong><br>Graziella Guerrier<br>Service \u00e0 la personne: Assistance informatique et internet<br>06 62 08 86 46<br><a rel=\"noreferrer noopener\" href=\"http:\/\/www.louvrageetlecrivaine.com\" target=\"_blank\">http:\/\/www.louvrageetlecrivaine.com<\/a><br>Contact : <a href=\"mailto:graziellaguerrier@communicare.fr\">graziellaguerrier@communicare.fr<\/a> <\/p>\n\n\n\n<p class=\"has-normal-font-size\"><strong>Leboucher Guillaume<\/strong><br>Peintre en b\u00e2timent<br>9, route du Grand Village<br>06 74 77 37 94<br>Contact : <a href=\"mailto:entreprise.leboucher@gmail.com\">entreprise.leboucher@gmail.com<\/a> <\/p>\n\n\n\n<p class=\"has-normal-font-size\"><strong>FRAMBELEC<\/strong><br>Electricit\u00e9 g\u00e9n\u00e9rale<br>Chardar St\u00e9phane<br>3 bis rue Etienne Achavanne<br>06 18 95 57 10<br>Contact : <a href=\"mailto:entreprise@frambelec.fr\">entreprise@frambelec.fr<\/a><br><a rel=\"noreferrer noopener\" href=\"http:\/\/www.frambelec.fr\" target=\"_blank\">http:\/\/www.frambelec.fr<\/a><\/p>\n","protected":false},"excerpt":{"rendered":"<p>ADS DECAP 28 William Bolanos D\u00e9capage sur tous supports par a\u00e9rogommage. A domicile et en atelierLe Grand Village09 54 48 83 6902 37 37 97 82 Serres-Pr\u00e9tamoSerres en tous genres Route des Brosses02 37 37 71 33 L&rsquo;ouvrage &amp; l&rsquo;\u00e9crivaine Graziella GuerrierService \u00e0 la personne: Assistance informatique et internet06 62 08 86 46http:\/\/www.louvrageetlecrivaine.comContact : graziellaguerrier@communicare.fr [&hellip;]<\/p>\n","protected":false},"author":1,"featured_media":0,"parent":75,"menu_order":0,"comment_status":"closed","ping_status":"closed","template":"","meta":[],"_links":{"self":[{"href":"https:\/\/mairie-la-framboisiere.fr\/index.php\/wp-json\/wp\/v2\/pages\/77"}],"collection":[{"href":"https:\/\/mairie-la-framboisiere.fr\/index.php\/wp-json\/wp\/v2\/pages"}],"about":[{"href":"https:\/\/mairie-la-framboisiere.fr\/index.php\/wp-json\/wp\/v2\/types\/page"}],"author":[{"embeddable":true,"href":"https:\/\/mairie-la-framboisiere.fr\/index.php\/wp-json\/wp\/v2\/users\/1"}],"replies":[{"embeddable":true,"href":"https:\/\/mairie-la-framboisiere.fr\/index.php\/wp-json\/wp\/v2\/comments?post=77"}],"version-history":[{"count":8,"href":"https:\/\/mairie-la-framboisiere.fr\/index.php\/wp-json\/wp\/v2\/pages\/77\/revisions"}],"predecessor-version":[{"id":989,"href":"https:\/\/mairie-la-framboisiere.fr\/index.php\/wp-json\/wp\/v2\/pages\/77\/revisions\/989"}],"up":[{"embeddable":true,"href":"https:\/\/mairie-la-framboisiere.fr\/index.php\/wp-json\/wp\/v2\/pages\/75"}],"wp:attachment":[{"href":"https:\/\/mairie-la-framboisiere.fr\/index.php\/wp-json\/wp\/v2\/media?parent=77"}],"curies":[{"name":"wp","href":"https:\/\/api.w.org\/{rel}","templated":true}]}}