{"id":85,"date":"2020-03-29T16:57:06","date_gmt":"2020-03-29T14:57:06","guid":{"rendered":"http:\/\/mairie-la-framboisiere.fr\/?page_id=85"},"modified":"2022-12-09T15:50:19","modified_gmt":"2022-12-09T14:50:19","slug":"communaute-de-communes","status":"publish","type":"page","link":"https:\/\/mairie-la-framboisiere.fr\/index.php\/mairie-de-la-framboisiere\/communaute-de-communes\/","title":{"rendered":"Communaut\u00e9 de communes"},"content":{"rendered":"\n<p>Plan Local d&rsquo;Urbanisme Intercommunal :<\/p>\n\n\n\n<p>En copiant et en ouvrant le lien ci-dessous vous avez acc\u00e8s au futur Plui de la communaut\u00e9 de communes des for\u00eats du Perche.<\/p>\n\n\n\n<p><a href=\"https:\/\/app.sugarsync.com\/iris\/wf\/D4840702_09140440_3203654\">https:\/\/app.sugarsync.com\/iris\/wf\/D4840702_09140440_3203654<\/a><\/p>\n\n\n\n<p> La Framboisi\u00e8re fait partie de la <a rel=\"noreferrer noopener\" href=\"http:\/\/www.lesforetsduperche.fr\/\" target=\"_blank\">Communaut\u00e9 de communes des For\u00eats du Perche.<\/a> <\/p>\n","protected":false},"excerpt":{"rendered":"<p>Plan Local d&rsquo;Urbanisme Intercommunal : En copiant et en ouvrant le lien ci-dessous vous avez acc\u00e8s au futur Plui de la communaut\u00e9 de communes des for\u00eats du Perche. https:\/\/app.sugarsync.com\/iris\/wf\/D4840702_09140440_3203654 La Framboisi\u00e8re fait partie de la Communaut\u00e9 de communes des For\u00eats du Perche.<\/p>\n","protected":false},"author":1,"featured_media":0,"parent":81,"menu_order":0,"comment_status":"closed","ping_status":"closed","template":"","meta":[],"_links":{"self":[{"href":"https:\/\/mairie-la-framboisiere.fr\/index.php\/wp-json\/wp\/v2\/pages\/85"}],"collection":[{"href":"https:\/\/mairie-la-framboisiere.fr\/index.php\/wp-json\/wp\/v2\/pages"}],"about":[{"href":"https:\/\/mairie-la-framboisiere.fr\/index.php\/wp-json\/wp\/v2\/types\/page"}],"author":[{"embeddable":true,"href":"https:\/\/mairie-la-framboisiere.fr\/index.php\/wp-json\/wp\/v2\/users\/1"}],"replies":[{"embeddable":true,"href":"https:\/\/mairie-la-framboisiere.fr\/index.php\/wp-json\/wp\/v2\/comments?post=85"}],"version-history":[{"count":3,"href":"https:\/\/mairie-la-framboisiere.fr\/index.php\/wp-json\/wp\/v2\/pages\/85\/revisions"}],"predecessor-version":[{"id":871,"href":"https:\/\/mairie-la-framboisiere.fr\/index.php\/wp-json\/wp\/v2\/pages\/85\/revisions\/871"}],"up":[{"embeddable":true,"href":"https:\/\/mairie-la-framboisiere.fr\/index.php\/wp-json\/wp\/v2\/pages\/81"}],"wp:attachment":[{"href":"https:\/\/mairie-la-framboisiere.fr\/index.php\/wp-json\/wp\/v2\/media?parent=85"}],"curies":[{"name":"wp","href":"https:\/\/api.w.org\/{rel}","templated":true}]}}