{"id":87,"date":"2020-03-29T16:59:52","date_gmt":"2020-03-29T14:59:52","guid":{"rendered":"http:\/\/mairie-la-framboisiere.fr\/?page_id=87"},"modified":"2026-04-18T11:10:51","modified_gmt":"2026-04-18T09:10:51","slug":"elus","status":"publish","type":"page","link":"https:\/\/mairie-la-framboisiere.fr\/index.php\/mairie-de-la-framboisiere\/elus\/","title":{"rendered":"Elus"},"content":{"rendered":"\n<p> <strong>Maire<\/strong> <\/p>\n\n\n\n<p> <em>&nbsp;<\/em>Madame Catherine <strong>BOSSION<\/strong>, Retrait\u00e9e, ( la Sente aux \u00e2nes)<\/p>\n\n\n\n<p> <strong>Adjoints <\/strong> <\/p>\n\n\n\n<p class=\"has-very-dark-gray-color has-text-color\"><em>\u00a0<\/em>1<sup>er<\/sup> \u00a0adjoint : <\/p>\n\n\n\n<p class=\"has-very-dark-gray-color has-text-color\">Monsieur Thierry <strong>DUBOIS<\/strong>, Adjoint\u00a0technique\u00a0municipal\u00a0(le Buisson)<\/p>\n\n\n\n<p class=\"has-very-dark-gray-color has-text-color\">2<sup>eme<\/sup> adjoint\u00a0:<\/p>\n\n\n\n<p class=\"has-very-dark-gray-color has-text-color\"> Madame Sandra <strong>LANGLOIS<\/strong>, clerc de notaire (route de Tardais)<\/p>\n\n\n\n<p><\/p>\n\n\n<p style=\"padding-left: 40px;\"><strong>Conseil municipal<\/strong><\/p>\n\n\n<p>Monsieur Albert&nbsp;<strong>ANDR\u00c9<\/strong>, Adjoint technique municipal (route de Senonches)<\/p>\n\n\n\n<p>Madame Marie-Madeleine <strong>GUERIN<\/strong>, retrait\u00e9e (rue des Mesliers)<\/p>\n\n\n\n<p>Madame La\u00ebtitia <strong>LEBOUCHER<\/strong>, commerciale \u00e0 domi\u00e7ile (le Grand Village)<\/p>\n\n\n\n<p>Madame Evelyne <strong>LABONDE<\/strong>, retrait\u00e9e&nbsp;(la Petite Vall\u00e9e)<\/p>\n\n\n\n<p class=\"has-very-dark-gray-color has-text-color\">Madame C\u00e9cile <strong>POIRIER,<\/strong> personnel\u00a0hospitalier\u00a0(route de Senonches)<\/p>\n\n\n\n<p>Monsieur Bastien <strong>BOUILLON<\/strong>, glacier ( Les Mesliers )<\/p>\n\n\n\n<p>Monsieur Vincent <strong>ANDRE<\/strong>, auto entrepreneur ( Le Grand Village )<\/p>\n\n\n\n<p>Monsieur Jean-Claude <strong>MASSON<\/strong>, retrait\u00e9 ( La sente aux \u00e2nes )<\/p>\n","protected":false},"excerpt":{"rendered":"<p>Maire &nbsp;Madame Catherine BOSSION, Retrait\u00e9e, ( la Sente aux \u00e2nes) Adjoints \u00a01er \u00a0adjoint : Monsieur Thierry DUBOIS, Adjoint\u00a0technique\u00a0municipal\u00a0(le Buisson) 2eme adjoint\u00a0: Madame Sandra LANGLOIS, clerc de notaire (route de Tardais) Conseil municipal Monsieur Albert&nbsp;ANDR\u00c9, Adjoint technique municipal (route de Senonches) Madame Marie-Madeleine GUERIN, retrait\u00e9e (rue des Mesliers) Madame La\u00ebtitia LEBOUCHER, commerciale \u00e0 domi\u00e7ile (le Grand [&hellip;]<\/p>\n","protected":false},"author":1,"featured_media":0,"parent":81,"menu_order":0,"comment_status":"closed","ping_status":"closed","template":"","meta":[],"_links":{"self":[{"href":"https:\/\/mairie-la-framboisiere.fr\/index.php\/wp-json\/wp\/v2\/pages\/87"}],"collection":[{"href":"https:\/\/mairie-la-framboisiere.fr\/index.php\/wp-json\/wp\/v2\/pages"}],"about":[{"href":"https:\/\/mairie-la-framboisiere.fr\/index.php\/wp-json\/wp\/v2\/types\/page"}],"author":[{"embeddable":true,"href":"https:\/\/mairie-la-framboisiere.fr\/index.php\/wp-json\/wp\/v2\/users\/1"}],"replies":[{"embeddable":true,"href":"https:\/\/mairie-la-framboisiere.fr\/index.php\/wp-json\/wp\/v2\/comments?post=87"}],"version-history":[{"count":8,"href":"https:\/\/mairie-la-framboisiere.fr\/index.php\/wp-json\/wp\/v2\/pages\/87\/revisions"}],"predecessor-version":[{"id":1106,"href":"https:\/\/mairie-la-framboisiere.fr\/index.php\/wp-json\/wp\/v2\/pages\/87\/revisions\/1106"}],"up":[{"embeddable":true,"href":"https:\/\/mairie-la-framboisiere.fr\/index.php\/wp-json\/wp\/v2\/pages\/81"}],"wp:attachment":[{"href":"https:\/\/mairie-la-framboisiere.fr\/index.php\/wp-json\/wp\/v2\/media?parent=87"}],"curies":[{"name":"wp","href":"https:\/\/api.w.org\/{rel}","templated":true}]}}