{"id":93,"date":"2020-03-29T17:02:59","date_gmt":"2020-03-29T15:02:59","guid":{"rendered":"http:\/\/mairie-la-framboisiere.fr\/?page_id=93"},"modified":"2023-10-13T09:41:53","modified_gmt":"2023-10-13T07:41:53","slug":"services","status":"publish","type":"page","link":"https:\/\/mairie-la-framboisiere.fr\/index.php\/services\/","title":{"rendered":"Services"},"content":{"rendered":"\n<p class=\"has-very-dark-gray-color has-text-color\"><strong>&nbsp;N\u00b0 Utiles<\/strong><\/p>\n\n\n\n<p><strong>Gendarmerie\/Police de Senonches<\/strong> : 17&nbsp;\/&nbsp;112 ou 02 37 37 36 85<\/p>\n\n\n\n<p><strong>Pompiers\/Centre&nbsp;de&nbsp;Secours&nbsp;de Senonches<\/strong>&nbsp;: 18 \/ 112 ou 02 37 37 59 58<\/p>\n\n\n\n<p><strong>SAMU:<\/strong> 15<\/p>\n\n\n\n<p><strong>Maison de retraite<\/strong> Perier Senonches&nbsp;: 02 37 37 73 27<\/p>\n\n\n\n<p><strong>VEOLIA<\/strong>, Service client: 0 969 323 529<\/p>\n\n\n\n<p><strong>Enedis<\/strong>,<strong> <\/strong>d\u00e9pannage&nbsp;\u00e9lectricit\u00e9&nbsp;: 09 726 750 28<\/p>\n\n\n\n<p><strong>H\u00f4pitaux Urgences<\/strong>&nbsp;:<\/p>\n\n\n\n<p><em>&nbsp;&nbsp;&nbsp;&nbsp;&nbsp;&nbsp;&nbsp;&nbsp; <\/em><strong>Centre Hospitalier de Chartres<\/strong><em>&nbsp;:..02 37 30 30 30<\/em><\/p>\n\n\n\n<p><em>&nbsp;&nbsp;&nbsp;&nbsp;&nbsp;&nbsp;&nbsp;&nbsp; <\/em><strong>Dreux&nbsp;: Victor Jousselin<\/strong><em>&nbsp;:\u2026\u2026\u2026. 02 37 51 51 85<\/em><\/p>\n\n\n\n<p><strong>Centre anti-poison<\/strong>&nbsp;:\u2026\u2026\u2026\u2026\u2026\u2026\u2026\u2026.. &nbsp;01 40 37 04 04<\/p>\n\n\n\n<p><strong>Alcooliques anonymes<\/strong>&nbsp;:\u2026\u2026\u2026\u2026\u2026\u2026\u2026 &nbsp;01 43 25 75 00<\/p>\n\n\n\n<p><strong>SOS Alcool Femmes<\/strong>&nbsp;: \u2026\u2026\u2026\u2026\u2026\u2026\u2026. .01 40 71 04 70<\/p>\n\n\n\n<p><strong>Accueil Sans Abri<\/strong>&nbsp;:\u2026\u2026\u2026\u2026\u2026\u2026\u2026\u2026.. &nbsp;08 00 30 63 06<\/p>\n\n\n\n<p><strong>SOS Amiti\u00e9<\/strong>&nbsp;:\u2026\u2026\u2026\u2026\u2026\u2026\u2026\u2026\u2026\u2026\u2026\u202601 42 96 26 26<\/p>\n\n\n\n<p><strong>SOS D\u00e9pression<\/strong>&nbsp;:\u2026\u2026\u2026\u2026\u2026\u2026\u2026\u2026\u2026&#8230;01 40 47 95 95<\/p>\n\n\n\n<p><strong>SOS Suicide<\/strong>&nbsp;:\u2026\u2026\u2026\u2026\u2026\u2026\u2026\u2026\u2026\u2026\u2026..01 49 84 24 78<\/p>\n\n\n\n<p><strong>All\u00f4 Enfance Maltrait\u00e9e<\/strong>&nbsp;:\u2026\u2026\u2026\u2026\u2026\u202608 00 05 41 41<\/p>\n\n\n\n<p><strong>Violences Conjugales<\/strong>&nbsp;:\u2026\u2026\u2026\u2026\u2026\u2026\u202608 00 05 41 41<\/p>\n\n\n\n<p><strong>Viols Femmes Information<\/strong>&nbsp;:\u2026\u2026\u2026\u2026\u202608 00 05 95 95<\/p>\n\n\n\n<p><strong>Sida Info Service<\/strong>&nbsp;:\u2026\u2026\u2026\u2026\u2026\u2026\u2026\u2026\u202608 00 84 08 00<\/p>\n\n\n\n<p><strong>Drogue Alcool Tabac Info Service<\/strong>&nbsp;:\u2026.113<\/p>\n\n\n\n<p><em><strong>Perte o<\/strong><\/em><strong>u<\/strong><em><strong> vol Carte Bleue<\/strong>&nbsp;:\u2026\u2026\u2026\u2026\u2026.08 36 69 08 80<\/em><\/p>\n\n\n\n<p><strong>&nbsp;&nbsp;&nbsp;&nbsp;&nbsp;&nbsp;&nbsp;&nbsp; D\u00e9chets<\/strong>&nbsp;<\/p>\n\n\n\n<p><em>Ramassage\ndes ordures m\u00e9nag\u00e8res le lundi<\/em><\/p>\n\n\n\n<p><em>Tri s\u00e9lectif \u00a0un lundi sur deux<\/em><\/p>\n\n\n\n<p><em>Container verres pr\u00e8s du terrain de sports<\/em><\/p>\n\n\n\n<p><em>D\u00e9p\u00f4ts volumineux : D\u00e9chetterie de Senonches\nroute de Chateauneuf<\/em><\/p>\n\n\n\n<p><strong>Horaires d&rsquo;ouverture d\u00e9chetterie de\nSenonches<\/strong><strong><\/strong><\/p>\n\n\n\n<p><strong>HIVER&nbsp;: du 1er novembre au 28 f\u00e9vrier<\/strong><\/p>\n\n\n\n<p>Mercredi&nbsp;: 13h30 \u00e0 17h30<\/p>\n\n\n\n<p>Vendredi&nbsp;: 09h00 \u00e0 12h30 &#8211; 13h30 \u00e0 17h30<\/p>\n\n\n\n<p>Samedi&nbsp;: 09h00 \u00e0 12h30 &#8211; 13h30 \u00e0 17h30 <\/p>\n\n\n\n<p><em>\u00c9T\u00c9&nbsp;: du 1er mars au 31 octobre <\/em><\/p>\n\n\n\n<p>Mardi&nbsp;: 13h30 \u00e0 18h30<\/p>\n\n\n\n<p>Mercredi&nbsp;: 13h30 \u00e0 18h30<\/p>\n\n\n\n<p>Vendredi&nbsp;: 09h00 \u00e0 12h30 &#8211; 13h30 \u00e0 18h30<\/p>\n\n\n\n<p>Samedi&nbsp;: 09h00 \u00e0 12h30 &#8211; 13h30 \u00e0 18h30<\/p>\n\n\n\n<p>Dimanche&nbsp;: 9h00 0 12h00<\/p>\n","protected":false},"excerpt":{"rendered":"<p>&nbsp;N\u00b0 Utiles Gendarmerie\/Police de Senonches : 17&nbsp;\/&nbsp;112 ou 02 37 37 36 85 Pompiers\/Centre&nbsp;de&nbsp;Secours&nbsp;de Senonches&nbsp;: 18 \/ 112 ou 02 37 37 59 58 SAMU: 15 Maison de retraite Perier Senonches&nbsp;: 02 37 37 73 27 VEOLIA, Service client: 0 969 323 529 Enedis, d\u00e9pannage&nbsp;\u00e9lectricit\u00e9&nbsp;: 09 726 750 28 H\u00f4pitaux Urgences&nbsp;: &nbsp;&nbsp;&nbsp;&nbsp;&nbsp;&nbsp;&nbsp;&nbsp; Centre Hospitalier de [&hellip;]<\/p>\n","protected":false},"author":1,"featured_media":0,"parent":0,"menu_order":0,"comment_status":"closed","ping_status":"closed","template":"","meta":[],"_links":{"self":[{"href":"https:\/\/mairie-la-framboisiere.fr\/index.php\/wp-json\/wp\/v2\/pages\/93"}],"collection":[{"href":"https:\/\/mairie-la-framboisiere.fr\/index.php\/wp-json\/wp\/v2\/pages"}],"about":[{"href":"https:\/\/mairie-la-framboisiere.fr\/index.php\/wp-json\/wp\/v2\/types\/page"}],"author":[{"embeddable":true,"href":"https:\/\/mairie-la-framboisiere.fr\/index.php\/wp-json\/wp\/v2\/users\/1"}],"replies":[{"embeddable":true,"href":"https:\/\/mairie-la-framboisiere.fr\/index.php\/wp-json\/wp\/v2\/comments?post=93"}],"version-history":[{"count":2,"href":"https:\/\/mairie-la-framboisiere.fr\/index.php\/wp-json\/wp\/v2\/pages\/93\/revisions"}],"predecessor-version":[{"id":991,"href":"https:\/\/mairie-la-framboisiere.fr\/index.php\/wp-json\/wp\/v2\/pages\/93\/revisions\/991"}],"wp:attachment":[{"href":"https:\/\/mairie-la-framboisiere.fr\/index.php\/wp-json\/wp\/v2\/media?parent=93"}],"curies":[{"name":"wp","href":"https:\/\/api.w.org\/{rel}","templated":true}]}}